{"id":56,"date":"2020-02-18T11:55:45","date_gmt":"2020-02-18T11:55:45","guid":{"rendered":"https:\/\/demo01.houzez.co\/?page_id=56"},"modified":"2025-06-12T22:30:18","modified_gmt":"2025-06-12T22:30:18","slug":"agentes-inmobiliarios","status":"publish","type":"page","link":"https:\/\/realestateyasser.com\/es\/agentes-inmobiliarios\/","title":{"rendered":"Agentes"},"content":{"rendered":"","protected":false},"excerpt":{"rendered":"","protected":false},"author":1,"featured_media":0,"parent":0,"menu_order":0,"comment_status":"closed","ping_status":"closed","template":"template\/template-agents.php","meta":{"footnotes":""},"class_list":["post-56","page","type-page","status-publish","hentry"],"yoast_head":"<!-- This site is optimized with the Yoast SEO plugin v26.3 - https:\/\/yoast.com\/wordpress\/plugins\/seo\/ -->\n<title>Real Estate Agents in Tunisia - Real Estate Yasser<\/title>\n<meta name=\"description\" content=\"Find expert real estate agents in Tunisia. Experience personalized service in all cities, including Hammamet, Nabeul, Tunis, Ariana, Sousse, Mahdia, and more. Contact our agents for your real estate projects today!\" \/>\n<meta name=\"robots\" content=\"index, follow, max-snippet:-1, max-image-preview:large, max-video-preview:-1\" \/>\n<link rel=\"canonical\" href=\"https:\/\/realestateyasser.com\/es\/agentes-inmobiliarios\/\" \/>\n<meta property=\"og:locale\" content=\"es_ES\" \/>\n<meta property=\"og:type\" content=\"article\" \/>\n<meta property=\"og:title\" content=\"Real Estate Agents in Tunisia - Real Estate Yasser\" \/>\n<meta property=\"og:description\" content=\"Find expert real estate agents in Tunisia. Experience personalized service in all cities, including Hammamet, Nabeul, Tunis, Ariana, Sousse, Mahdia, and more. Contact our agents for your real estate projects today!\" \/>\n<meta property=\"og:url\" content=\"https:\/\/realestateyasser.com\/es\/agentes-inmobiliarios\/\" \/>\n<meta property=\"og:site_name\" content=\"Real Estate Yasser\" \/>\n<meta property=\"article:modified_time\" content=\"2025-06-12T22:30:18+00:00\" \/>\n<meta name=\"twitter:card\" content=\"summary_large_image\" \/>\n<script type=\"application\/ld+json\" class=\"yoast-schema-graph\">{\"@context\":\"https:\/\/schema.org\",\"@graph\":[{\"@type\":\"WebPage\",\"@id\":\"https:\/\/realestateyasser.com\/real-estate-agents\/\",\"url\":\"https:\/\/realestateyasser.com\/real-estate-agents\/\",\"name\":\"Real Estate Agents in Tunisia - Real Estate Yasser\",\"isPartOf\":{\"@id\":\"https:\/\/realestateyasser.com\/#website\"},\"datePublished\":\"2020-02-18T11:55:45+00:00\",\"dateModified\":\"2025-06-12T22:30:18+00:00\",\"description\":\"Find expert real estate agents in Tunisia. Experience personalized service in all cities, including Hammamet, Nabeul, Tunis, Ariana, Sousse, Mahdia, and more. Contact our agents for your real estate projects today!\",\"breadcrumb\":{\"@id\":\"https:\/\/realestateyasser.com\/real-estate-agents\/#breadcrumb\"},\"inLanguage\":\"es\",\"potentialAction\":[{\"@type\":\"ReadAction\",\"target\":[\"https:\/\/realestateyasser.com\/real-estate-agents\/\"]}]},{\"@type\":\"BreadcrumbList\",\"@id\":\"https:\/\/realestateyasser.com\/real-estate-agents\/#breadcrumb\",\"itemListElement\":[{\"@type\":\"ListItem\",\"position\":1,\"name\":\"Home\",\"item\":\"https:\/\/realestateyasser.com\/\"},{\"@type\":\"ListItem\",\"position\":2,\"name\":\"Agents\"}]},{\"@type\":\"WebSite\",\"@id\":\"https:\/\/realestateyasser.com\/#website\",\"url\":\"https:\/\/realestateyasser.com\/\",\"name\":\"Real Estate Yasser\",\"description\":\"\",\"potentialAction\":[{\"@type\":\"SearchAction\",\"target\":{\"@type\":\"EntryPoint\",\"urlTemplate\":\"https:\/\/realestateyasser.com\/?s={search_term_string}\"},\"query-input\":{\"@type\":\"PropertyValueSpecification\",\"valueRequired\":true,\"valueName\":\"search_term_string\"}}],\"inLanguage\":\"es\"}]}<\/script>\n<!-- \/ Yoast SEO plugin. -->","yoast_head_json":{"title":"Agentes inmobiliarios en T\u00fanez - Real Estate Yasser","description":"Encuentre agentes inmobiliarios expertos en T\u00fanez. Disfrute de un servicio personalizado en todas las ciudades, incluidas Hammamet, Nabeul, T\u00fanez, Ariana, Susa, Mahdia y muchas m\u00e1s. P\u00f3ngase en contacto con nuestros agentes para sus proyectos inmobiliarios hoy mismo.","robots":{"index":"index","follow":"follow","max-snippet":"max-snippet:-1","max-image-preview":"max-image-preview:large","max-video-preview":"max-video-preview:-1"},"canonical":"https:\/\/realestateyasser.com\/es\/agentes-inmobiliarios\/","og_locale":"es_ES","og_type":"article","og_title":"Real Estate Agents in Tunisia - Real Estate Yasser","og_description":"Find expert real estate agents in Tunisia. Experience personalized service in all cities, including Hammamet, Nabeul, Tunis, Ariana, Sousse, Mahdia, and more. Contact our agents for your real estate projects today!","og_url":"https:\/\/realestateyasser.com\/es\/agentes-inmobiliarios\/","og_site_name":"Real Estate Yasser","article_modified_time":"2025-06-12T22:30:18+00:00","twitter_card":"summary_large_image","schema":{"@context":"https:\/\/schema.org","@graph":[{"@type":"WebPage","@id":"https:\/\/realestateyasser.com\/real-estate-agents\/","url":"https:\/\/realestateyasser.com\/real-estate-agents\/","name":"Agentes inmobiliarios en T\u00fanez - Real Estate Yasser","isPartOf":{"@id":"https:\/\/realestateyasser.com\/#website"},"datePublished":"2020-02-18T11:55:45+00:00","dateModified":"2025-06-12T22:30:18+00:00","description":"Encuentre agentes inmobiliarios expertos en T\u00fanez. Disfrute de un servicio personalizado en todas las ciudades, incluidas Hammamet, Nabeul, T\u00fanez, Ariana, Susa, Mahdia y muchas m\u00e1s. P\u00f3ngase en contacto con nuestros agentes para sus proyectos inmobiliarios hoy mismo.","breadcrumb":{"@id":"https:\/\/realestateyasser.com\/real-estate-agents\/#breadcrumb"},"inLanguage":"es","potentialAction":[{"@type":"ReadAction","target":["https:\/\/realestateyasser.com\/real-estate-agents\/"]}]},{"@type":"BreadcrumbList","@id":"https:\/\/realestateyasser.com\/real-estate-agents\/#breadcrumb","itemListElement":[{"@type":"ListItem","position":1,"name":"Home","item":"https:\/\/realestateyasser.com\/"},{"@type":"ListItem","position":2,"name":"Agents"}]},{"@type":"WebSite","@id":"https:\/\/realestateyasser.com\/#website","url":"https:\/\/realestateyasser.com\/","name":"Real Estate Yasser","description":"","potentialAction":[{"@type":"SearchAction","target":{"@type":"EntryPoint","urlTemplate":"https:\/\/realestateyasser.com\/?s={search_term_string}"},"query-input":{"@type":"PropertyValueSpecification","valueRequired":true,"valueName":"search_term_string"}}],"inLanguage":"es"}]}},"_links":{"self":[{"href":"https:\/\/realestateyasser.com\/es\/wp-json\/wp\/v2\/pages\/56","targetHints":{"allow":["GET"]}}],"collection":[{"href":"https:\/\/realestateyasser.com\/es\/wp-json\/wp\/v2\/pages"}],"about":[{"href":"https:\/\/realestateyasser.com\/es\/wp-json\/wp\/v2\/types\/page"}],"author":[{"embeddable":true,"href":"https:\/\/realestateyasser.com\/es\/wp-json\/wp\/v2\/users\/1"}],"replies":[{"embeddable":true,"href":"https:\/\/realestateyasser.com\/es\/wp-json\/wp\/v2\/comments?post=56"}],"version-history":[{"count":1,"href":"https:\/\/realestateyasser.com\/es\/wp-json\/wp\/v2\/pages\/56\/revisions"}],"predecessor-version":[{"id":20819,"href":"https:\/\/realestateyasser.com\/es\/wp-json\/wp\/v2\/pages\/56\/revisions\/20819"}],"wp:attachment":[{"href":"https:\/\/realestateyasser.com\/es\/wp-json\/wp\/v2\/media?parent=56"}],"curies":[{"name":"wp","href":"https:\/\/api.w.org\/{rel}","templated":true}]}}