{"id":20890,"date":"2025-04-28T19:25:14","date_gmt":"2025-04-28T19:25:14","guid":{"rendered":"https:\/\/realestateyasser.com\/?page_id=20890"},"modified":"2025-04-28T19:29:55","modified_gmt":"2025-04-28T19:29:55","slug":"appartement-a-vendre","status":"publish","type":"page","link":"https:\/\/realestateyasser.com\/fr\/appartement-a-vendre\/","title":{"rendered":"Appartement \u00e0 vendre en Tunisie"},"content":{"rendered":"<p>La\u00a0<strong>vente d&#8217;appartement en Tunisie<\/strong>\u00a0offre de belles opportunit\u00e9s pour quiconque souhaite investir dans un bien immobilier ou trouver le logement de ses r\u00eaves. Que vous recherchiez un\u00a0<strong>appartement \u00e0 vendre en Tunisie<\/strong>\u00a0dans un centre urbain moderne ou dans une zone plus calme \u00e0 proximit\u00e9 des plages, le march\u00e9 propose un \u00e9ventail vari\u00e9 d&#8217;options r\u00e9pondant \u00e0 tous les budgets et styles de vie. Gr\u00e2ce \u00e0 une \u00e9conomie en d\u00e9veloppement et un march\u00e9 dynamique, la\u00a0<strong>vente d&#8217;appartement en Tunisie<\/strong>\u00a0constitue une solution id\u00e9ale pour habiter ou investir avec s\u00e9r\u00e9nit\u00e9.<\/p>","protected":false},"excerpt":{"rendered":"<p>La\u00a0vente d&#8217;appartement en Tunisie\u00a0offre de belles opportunit\u00e9s pour quiconque souhaite investir dans un bien immobilier ou trouver le logement de ses r\u00eaves. Que vous recherchiez un\u00a0appartement \u00e0 vendre en Tunisie\u00a0dans un centre urbain moderne ou dans une zone plus calme \u00e0 proximit\u00e9 des plages, le march\u00e9 propose un \u00e9ventail vari\u00e9 d&#8217;options r\u00e9pondant \u00e0 tous les [&hellip;]<\/p>","protected":false},"author":1,"featured_media":0,"parent":0,"menu_order":0,"comment_status":"closed","ping_status":"closed","template":"template\/template-listing-grid-v1.php","meta":{"footnotes":""},"class_list":["post-20890","page","type-page","status-publish","hentry"],"yoast_head":"<!-- This site is optimized with the Yoast SEO plugin v26.3 - https:\/\/yoast.com\/wordpress\/plugins\/seo\/ -->\n<title>Appartement \u00e0 Vendre Tunisie - vente appartement - Real Estate Yasser<\/title>\n<meta name=\"description\" content=\"D\u00e9couvrez les meilleures opportunit\u00e9s de vente d&#039;appartement en Tunisie\u202f! Que vous cherchiez un appartement \u00e0 vendre en Tunisie dans un quartier anim\u00e9, au bord de la mer ou dans une zone r\u00e9sidentielle paisible, le march\u00e9 immobilier tunisien propose une diversit\u00e9 de choix adapt\u00e9e \u00e0 tous les besoins et budgets. Investissez dans un bien immobilier d&#039;avenir et profitez d&#039;un cadre de vie unique, alliant modernit\u00e9 et charme local.\" \/>\n<meta name=\"robots\" content=\"index, follow, max-snippet:-1, max-image-preview:large, max-video-preview:-1\" \/>\n<link rel=\"canonical\" href=\"https:\/\/realestateyasser.com\/fr\/appartement-a-vendre\/\" \/>\n<meta property=\"og:locale\" content=\"fr_FR\" \/>\n<meta property=\"og:type\" content=\"article\" \/>\n<meta property=\"og:title\" content=\"Appartement \u00e0 Vendre Tunisie - vente appartement - Real Estate Yasser\" \/>\n<meta property=\"og:description\" content=\"D\u00e9couvrez les meilleures opportunit\u00e9s de vente d&#039;appartement en Tunisie\u202f! Que vous cherchiez un appartement \u00e0 vendre en Tunisie dans un quartier anim\u00e9, au bord de la mer ou dans une zone r\u00e9sidentielle paisible, le march\u00e9 immobilier tunisien propose une diversit\u00e9 de choix adapt\u00e9e \u00e0 tous les besoins et budgets. Investissez dans un bien immobilier d&#039;avenir et profitez d&#039;un cadre de vie unique, alliant modernit\u00e9 et charme local.\" \/>\n<meta property=\"og:url\" content=\"https:\/\/realestateyasser.com\/fr\/appartement-a-vendre\/\" \/>\n<meta property=\"og:site_name\" content=\"Real Estate Yasser\" \/>\n<meta property=\"article:modified_time\" content=\"2025-04-28T19:29:55+00:00\" \/>\n<meta name=\"twitter:card\" content=\"summary_large_image\" \/>\n<meta name=\"twitter:label1\" content=\"Dur\u00e9e de lecture estim\u00e9e\" \/>\n\t<meta name=\"twitter:data1\" content=\"1 minute\" \/>\n<script type=\"application\/ld+json\" class=\"yoast-schema-graph\">{\"@context\":\"https:\/\/schema.org\",\"@graph\":[{\"@type\":\"WebPage\",\"@id\":\"https:\/\/realestateyasser.com\/appartement-a-vendre\/\",\"url\":\"https:\/\/realestateyasser.com\/appartement-a-vendre\/\",\"name\":\"Appartement \u00e0 Vendre Tunisie - vente appartement - Real Estate Yasser\",\"isPartOf\":{\"@id\":\"https:\/\/realestateyasser.com\/#website\"},\"datePublished\":\"2025-04-28T19:25:14+00:00\",\"dateModified\":\"2025-04-28T19:29:55+00:00\",\"description\":\"D\u00e9couvrez les meilleures opportunit\u00e9s de vente d'appartement en Tunisie\u202f! Que vous cherchiez un appartement \u00e0 vendre en Tunisie dans un quartier anim\u00e9, au bord de la mer ou dans une zone r\u00e9sidentielle paisible, le march\u00e9 immobilier tunisien propose une diversit\u00e9 de choix adapt\u00e9e \u00e0 tous les besoins et budgets. Investissez dans un bien immobilier d'avenir et profitez d'un cadre de vie unique, alliant modernit\u00e9 et charme local.\",\"breadcrumb\":{\"@id\":\"https:\/\/realestateyasser.com\/appartement-a-vendre\/#breadcrumb\"},\"inLanguage\":\"fr-FR\",\"potentialAction\":[{\"@type\":\"ReadAction\",\"target\":[\"https:\/\/realestateyasser.com\/appartement-a-vendre\/\"]}]},{\"@type\":\"BreadcrumbList\",\"@id\":\"https:\/\/realestateyasser.com\/appartement-a-vendre\/#breadcrumb\",\"itemListElement\":[{\"@type\":\"ListItem\",\"position\":1,\"name\":\"Home\",\"item\":\"https:\/\/realestateyasser.com\/\"},{\"@type\":\"ListItem\",\"position\":2,\"name\":\"Appartement \u00e0 vendre en Tunisie\"}]},{\"@type\":\"WebSite\",\"@id\":\"https:\/\/realestateyasser.com\/#website\",\"url\":\"https:\/\/realestateyasser.com\/\",\"name\":\"Real Estate Yasser\",\"description\":\"\",\"potentialAction\":[{\"@type\":\"SearchAction\",\"target\":{\"@type\":\"EntryPoint\",\"urlTemplate\":\"https:\/\/realestateyasser.com\/?s={search_term_string}\"},\"query-input\":{\"@type\":\"PropertyValueSpecification\",\"valueRequired\":true,\"valueName\":\"search_term_string\"}}],\"inLanguage\":\"fr-FR\"}]}<\/script>\n<!-- \/ Yoast SEO plugin. -->","yoast_head_json":{"title":"Appartement \u00e0 Vendre Tunisie - vente appartement - Real Estate Yasser","description":"D\u00e9couvrez les meilleures opportunit\u00e9s de vente d'appartement en Tunisie\u202f! Que vous cherchiez un appartement \u00e0 vendre en Tunisie dans un quartier anim\u00e9, au bord de la mer ou dans une zone r\u00e9sidentielle paisible, le march\u00e9 immobilier tunisien propose une diversit\u00e9 de choix adapt\u00e9e \u00e0 tous les besoins et budgets. Investissez dans un bien immobilier d'avenir et profitez d'un cadre de vie unique, alliant modernit\u00e9 et charme local.","robots":{"index":"index","follow":"follow","max-snippet":"max-snippet:-1","max-image-preview":"max-image-preview:large","max-video-preview":"max-video-preview:-1"},"canonical":"https:\/\/realestateyasser.com\/fr\/appartement-a-vendre\/","og_locale":"fr_FR","og_type":"article","og_title":"Appartement \u00e0 Vendre Tunisie - vente appartement - Real Estate Yasser","og_description":"D\u00e9couvrez les meilleures opportunit\u00e9s de vente d'appartement en Tunisie\u202f! Que vous cherchiez un appartement \u00e0 vendre en Tunisie dans un quartier anim\u00e9, au bord de la mer ou dans une zone r\u00e9sidentielle paisible, le march\u00e9 immobilier tunisien propose une diversit\u00e9 de choix adapt\u00e9e \u00e0 tous les besoins et budgets. Investissez dans un bien immobilier d'avenir et profitez d'un cadre de vie unique, alliant modernit\u00e9 et charme local.","og_url":"https:\/\/realestateyasser.com\/fr\/appartement-a-vendre\/","og_site_name":"Real Estate Yasser","article_modified_time":"2025-04-28T19:29:55+00:00","twitter_card":"summary_large_image","twitter_misc":{"Dur\u00e9e de lecture estim\u00e9e":"1 minute"},"schema":{"@context":"https:\/\/schema.org","@graph":[{"@type":"WebPage","@id":"https:\/\/realestateyasser.com\/appartement-a-vendre\/","url":"https:\/\/realestateyasser.com\/appartement-a-vendre\/","name":"Appartement \u00e0 Vendre Tunisie - vente appartement - Real Estate Yasser","isPartOf":{"@id":"https:\/\/realestateyasser.com\/#website"},"datePublished":"2025-04-28T19:25:14+00:00","dateModified":"2025-04-28T19:29:55+00:00","description":"D\u00e9couvrez les meilleures opportunit\u00e9s de vente d'appartement en Tunisie\u202f! Que vous cherchiez un appartement \u00e0 vendre en Tunisie dans un quartier anim\u00e9, au bord de la mer ou dans une zone r\u00e9sidentielle paisible, le march\u00e9 immobilier tunisien propose une diversit\u00e9 de choix adapt\u00e9e \u00e0 tous les besoins et budgets. Investissez dans un bien immobilier d'avenir et profitez d'un cadre de vie unique, alliant modernit\u00e9 et charme local.","breadcrumb":{"@id":"https:\/\/realestateyasser.com\/appartement-a-vendre\/#breadcrumb"},"inLanguage":"fr-FR","potentialAction":[{"@type":"ReadAction","target":["https:\/\/realestateyasser.com\/appartement-a-vendre\/"]}]},{"@type":"BreadcrumbList","@id":"https:\/\/realestateyasser.com\/appartement-a-vendre\/#breadcrumb","itemListElement":[{"@type":"ListItem","position":1,"name":"Home","item":"https:\/\/realestateyasser.com\/"},{"@type":"ListItem","position":2,"name":"Appartement \u00e0 vendre en Tunisie"}]},{"@type":"WebSite","@id":"https:\/\/realestateyasser.com\/#website","url":"https:\/\/realestateyasser.com\/","name":"Real Estate Yasser","description":"","potentialAction":[{"@type":"SearchAction","target":{"@type":"EntryPoint","urlTemplate":"https:\/\/realestateyasser.com\/?s={search_term_string}"},"query-input":{"@type":"PropertyValueSpecification","valueRequired":true,"valueName":"search_term_string"}}],"inLanguage":"fr-FR"}]}},"_links":{"self":[{"href":"https:\/\/realestateyasser.com\/fr\/wp-json\/wp\/v2\/pages\/20890","targetHints":{"allow":["GET"]}}],"collection":[{"href":"https:\/\/realestateyasser.com\/fr\/wp-json\/wp\/v2\/pages"}],"about":[{"href":"https:\/\/realestateyasser.com\/fr\/wp-json\/wp\/v2\/types\/page"}],"author":[{"embeddable":true,"href":"https:\/\/realestateyasser.com\/fr\/wp-json\/wp\/v2\/users\/1"}],"replies":[{"embeddable":true,"href":"https:\/\/realestateyasser.com\/fr\/wp-json\/wp\/v2\/comments?post=20890"}],"version-history":[{"count":2,"href":"https:\/\/realestateyasser.com\/fr\/wp-json\/wp\/v2\/pages\/20890\/revisions"}],"predecessor-version":[{"id":20894,"href":"https:\/\/realestateyasser.com\/fr\/wp-json\/wp\/v2\/pages\/20890\/revisions\/20894"}],"wp:attachment":[{"href":"https:\/\/realestateyasser.com\/fr\/wp-json\/wp\/v2\/media?parent=20890"}],"curies":[{"name":"wp","href":"https:\/\/api.w.org\/{rel}","templated":true}]}}