{"id":58,"date":"2020-02-18T11:55:58","date_gmt":"2020-02-18T11:55:58","guid":{"rendered":"https:\/\/demo01.houzez.co\/?page_id=58"},"modified":"2025-06-12T22:26:06","modified_gmt":"2025-06-12T22:26:06","slug":"agences-immobilieres-2","status":"publish","type":"page","link":"https:\/\/realestateyasser.com\/fr\/agences-immobilieres-2\/","title":{"rendered":"Agences"},"content":{"rendered":"","protected":false},"excerpt":{"rendered":"","protected":false},"author":1,"featured_media":0,"parent":0,"menu_order":0,"comment_status":"closed","ping_status":"closed","template":"template\/template-agencies.php","meta":{"footnotes":""},"class_list":["post-58","page","type-page","status-publish","hentry"],"yoast_head":"<!-- This site is optimized with the Yoast SEO plugin v26.3 - https:\/\/yoast.com\/wordpress\/plugins\/seo\/ -->\n<title>Real Estate Agencies in Tunisia - Real Estate Yasser<\/title>\n<meta name=\"description\" content=\"Discover our network of partner real estate agencies in Tunisia. Benefit from expert services in cities like Hammamet, Nabeul, Tunis, Ariana, Sousse, Mahdia, and more. Join us as a real estate partner today!\" \/>\n<meta name=\"robots\" content=\"index, follow, max-snippet:-1, max-image-preview:large, max-video-preview:-1\" \/>\n<link rel=\"canonical\" href=\"https:\/\/realestateyasser.com\/fr\/agences-immobilieres-2\/\" \/>\n<meta property=\"og:locale\" content=\"fr_FR\" \/>\n<meta property=\"og:type\" content=\"article\" \/>\n<meta property=\"og:title\" content=\"Real Estate Agencies in Tunisia - Real Estate Yasser\" \/>\n<meta property=\"og:description\" content=\"Discover our network of partner real estate agencies in Tunisia. Benefit from expert services in cities like Hammamet, Nabeul, Tunis, Ariana, Sousse, Mahdia, and more. Join us as a real estate partner today!\" \/>\n<meta property=\"og:url\" content=\"https:\/\/realestateyasser.com\/fr\/agences-immobilieres-2\/\" \/>\n<meta property=\"og:site_name\" content=\"Real Estate Yasser\" \/>\n<meta property=\"article:modified_time\" content=\"2025-06-12T22:26:06+00:00\" \/>\n<meta name=\"twitter:card\" content=\"summary_large_image\" \/>\n<script type=\"application\/ld+json\" class=\"yoast-schema-graph\">{\"@context\":\"https:\/\/schema.org\",\"@graph\":[{\"@type\":\"WebPage\",\"@id\":\"https:\/\/realestateyasser.com\/real-estate-agencies\/\",\"url\":\"https:\/\/realestateyasser.com\/real-estate-agencies\/\",\"name\":\"Real Estate Agencies in Tunisia - Real Estate Yasser\",\"isPartOf\":{\"@id\":\"https:\/\/realestateyasser.com\/#website\"},\"datePublished\":\"2020-02-18T11:55:58+00:00\",\"dateModified\":\"2025-06-12T22:26:06+00:00\",\"description\":\"Discover our network of partner real estate agencies in Tunisia. Benefit from expert services in cities like Hammamet, Nabeul, Tunis, Ariana, Sousse, Mahdia, and more. Join us as a real estate partner today!\",\"breadcrumb\":{\"@id\":\"https:\/\/realestateyasser.com\/real-estate-agencies\/#breadcrumb\"},\"inLanguage\":\"fr-FR\",\"potentialAction\":[{\"@type\":\"ReadAction\",\"target\":[\"https:\/\/realestateyasser.com\/real-estate-agencies\/\"]}]},{\"@type\":\"BreadcrumbList\",\"@id\":\"https:\/\/realestateyasser.com\/real-estate-agencies\/#breadcrumb\",\"itemListElement\":[{\"@type\":\"ListItem\",\"position\":1,\"name\":\"Home\",\"item\":\"https:\/\/realestateyasser.com\/\"},{\"@type\":\"ListItem\",\"position\":2,\"name\":\"Agencies\"}]},{\"@type\":\"WebSite\",\"@id\":\"https:\/\/realestateyasser.com\/#website\",\"url\":\"https:\/\/realestateyasser.com\/\",\"name\":\"Real Estate Yasser\",\"description\":\"\",\"potentialAction\":[{\"@type\":\"SearchAction\",\"target\":{\"@type\":\"EntryPoint\",\"urlTemplate\":\"https:\/\/realestateyasser.com\/?s={search_term_string}\"},\"query-input\":{\"@type\":\"PropertyValueSpecification\",\"valueRequired\":true,\"valueName\":\"search_term_string\"}}],\"inLanguage\":\"fr-FR\"}]}<\/script>\n<!-- \/ Yoast SEO plugin. -->","yoast_head_json":{"title":"Agences immobili\u00e8res en Tunisie - Real Estate Yasser","description":"D\u00e9couvrez notre r\u00e9seau d'agences immobili\u00e8res partenaires en Tunisie. B\u00e9n\u00e9ficiez de services d'experts dans des villes telles que Hammamet, Nabeul, Tunis, Ariana, Sousse, Mahdia, etc. Rejoignez-nous en tant que partenaire immobilier d\u00e8s aujourd'hui !","robots":{"index":"index","follow":"follow","max-snippet":"max-snippet:-1","max-image-preview":"max-image-preview:large","max-video-preview":"max-video-preview:-1"},"canonical":"https:\/\/realestateyasser.com\/fr\/agences-immobilieres-2\/","og_locale":"fr_FR","og_type":"article","og_title":"Real Estate Agencies in Tunisia - Real Estate Yasser","og_description":"Discover our network of partner real estate agencies in Tunisia. Benefit from expert services in cities like Hammamet, Nabeul, Tunis, Ariana, Sousse, Mahdia, and more. Join us as a real estate partner today!","og_url":"https:\/\/realestateyasser.com\/fr\/agences-immobilieres-2\/","og_site_name":"Real Estate Yasser","article_modified_time":"2025-06-12T22:26:06+00:00","twitter_card":"summary_large_image","schema":{"@context":"https:\/\/schema.org","@graph":[{"@type":"WebPage","@id":"https:\/\/realestateyasser.com\/real-estate-agencies\/","url":"https:\/\/realestateyasser.com\/real-estate-agencies\/","name":"Agences immobili\u00e8res en Tunisie - Real Estate Yasser","isPartOf":{"@id":"https:\/\/realestateyasser.com\/#website"},"datePublished":"2020-02-18T11:55:58+00:00","dateModified":"2025-06-12T22:26:06+00:00","description":"D\u00e9couvrez notre r\u00e9seau d'agences immobili\u00e8res partenaires en Tunisie. B\u00e9n\u00e9ficiez de services d'experts dans des villes telles que Hammamet, Nabeul, Tunis, Ariana, Sousse, Mahdia, etc. Rejoignez-nous en tant que partenaire immobilier d\u00e8s aujourd'hui !","breadcrumb":{"@id":"https:\/\/realestateyasser.com\/real-estate-agencies\/#breadcrumb"},"inLanguage":"fr-FR","potentialAction":[{"@type":"ReadAction","target":["https:\/\/realestateyasser.com\/real-estate-agencies\/"]}]},{"@type":"BreadcrumbList","@id":"https:\/\/realestateyasser.com\/real-estate-agencies\/#breadcrumb","itemListElement":[{"@type":"ListItem","position":1,"name":"Home","item":"https:\/\/realestateyasser.com\/"},{"@type":"ListItem","position":2,"name":"Agencies"}]},{"@type":"WebSite","@id":"https:\/\/realestateyasser.com\/#website","url":"https:\/\/realestateyasser.com\/","name":"Real Estate Yasser","description":"","potentialAction":[{"@type":"SearchAction","target":{"@type":"EntryPoint","urlTemplate":"https:\/\/realestateyasser.com\/?s={search_term_string}"},"query-input":{"@type":"PropertyValueSpecification","valueRequired":true,"valueName":"search_term_string"}}],"inLanguage":"fr-FR"}]}},"_links":{"self":[{"href":"https:\/\/realestateyasser.com\/fr\/wp-json\/wp\/v2\/pages\/58","targetHints":{"allow":["GET"]}}],"collection":[{"href":"https:\/\/realestateyasser.com\/fr\/wp-json\/wp\/v2\/pages"}],"about":[{"href":"https:\/\/realestateyasser.com\/fr\/wp-json\/wp\/v2\/types\/page"}],"author":[{"embeddable":true,"href":"https:\/\/realestateyasser.com\/fr\/wp-json\/wp\/v2\/users\/1"}],"replies":[{"embeddable":true,"href":"https:\/\/realestateyasser.com\/fr\/wp-json\/wp\/v2\/comments?post=58"}],"version-history":[{"count":2,"href":"https:\/\/realestateyasser.com\/fr\/wp-json\/wp\/v2\/pages\/58\/revisions"}],"predecessor-version":[{"id":21296,"href":"https:\/\/realestateyasser.com\/fr\/wp-json\/wp\/v2\/pages\/58\/revisions\/21296"}],"wp:attachment":[{"href":"https:\/\/realestateyasser.com\/fr\/wp-json\/wp\/v2\/media?parent=58"}],"curies":[{"name":"wp","href":"https:\/\/api.w.org\/{rel}","templated":true}]}}