{"id":20910,"date":"2025-04-28T20:40:56","date_gmt":"2025-04-28T20:40:56","guid":{"rendered":"https:\/\/realestateyasser.com\/?page_id=20910"},"modified":"2025-04-28T20:43:56","modified_gmt":"2025-04-28T20:43:56","slug":"bureau-a-vendre","status":"publish","type":"page","link":"https:\/\/realestateyasser.com\/it\/bureau-a-vendre\/","title":{"rendered":"Bureau \u00e0 vendre en Tunisie"},"content":{"rendered":"<p>Vous recherchez des opportunit\u00e9s pour investir ou \u00e9tablir votre activit\u00e9\u202f? D\u00e9couvrez les meilleures offres de\u00a0<strong>vente bureau en Tunisie<\/strong>\u00a0sur notre plateforme. Que vous soyez \u00e0 la qu\u00eate d\u2019un\u00a0<strong>bureau \u00e0 vendre<\/strong>\u00a0moderne en centre-ville ou d\u2019un espace professionnel dans un quartier strat\u00e9gique, nous mettons \u00e0 votre disposition une large gamme de choix adapt\u00e9s \u00e0 vos besoins. Trouvez d\u00e8s maintenant le bureau id\u00e9al pour concr\u00e9tiser vos projets\u202f!<\/p>","protected":false},"excerpt":{"rendered":"<p>Vous recherchez des opportunit\u00e9s pour investir ou \u00e9tablir votre activit\u00e9\u202f? D\u00e9couvrez les meilleures offres de\u00a0vente bureau en Tunisie\u00a0sur notre plateforme. Que vous soyez \u00e0 la qu\u00eate d\u2019un\u00a0bureau \u00e0 vendre\u00a0moderne en centre-ville ou d\u2019un espace professionnel dans un quartier strat\u00e9gique, nous mettons \u00e0 votre disposition une large gamme de choix adapt\u00e9s \u00e0 vos besoins. Trouvez d\u00e8s [&hellip;]<\/p>","protected":false},"author":1,"featured_media":0,"parent":0,"menu_order":0,"comment_status":"closed","ping_status":"closed","template":"template\/template-listing-grid-v1.php","meta":{"footnotes":""},"class_list":["post-20910","page","type-page","status-publish","hentry"],"yoast_head":"<!-- This site is optimized with the Yoast SEO plugin v26.3 - https:\/\/yoast.com\/wordpress\/plugins\/seo\/ -->\n<title>Bureau \u00e0 Vendre en Tunisie - Vente Bureau - Real Estate Yasser<\/title>\n<meta name=\"description\" content=\"Explorez une vaste s\u00e9lection de bureaux \u00e0 vendre en Tunisie gr\u00e2ce \u00e0 Yasser Real Estate, votre expert en vente bureau en Tunisie. Chaque jour, de nouveaux biens immobiliers s\u2019ajoutent pour vous aider \u00e0 r\u00e9aliser vos projets professionnels avec succ\u00e8s\u202f!\" \/>\n<meta name=\"robots\" content=\"index, follow, max-snippet:-1, max-image-preview:large, max-video-preview:-1\" \/>\n<link rel=\"canonical\" href=\"https:\/\/realestateyasser.com\/it\/bureau-a-vendre\/\" \/>\n<meta property=\"og:locale\" content=\"it_IT\" \/>\n<meta property=\"og:type\" content=\"article\" \/>\n<meta property=\"og:title\" content=\"Bureau \u00e0 Vendre en Tunisie - Vente Bureau - Real Estate Yasser\" \/>\n<meta property=\"og:description\" content=\"Explorez une vaste s\u00e9lection de bureaux \u00e0 vendre en Tunisie gr\u00e2ce \u00e0 Yasser Real Estate, votre expert en vente bureau en Tunisie. Chaque jour, de nouveaux biens immobiliers s\u2019ajoutent pour vous aider \u00e0 r\u00e9aliser vos projets professionnels avec succ\u00e8s\u202f!\" \/>\n<meta property=\"og:url\" content=\"https:\/\/realestateyasser.com\/it\/bureau-a-vendre\/\" \/>\n<meta property=\"og:site_name\" content=\"Real Estate Yasser\" \/>\n<meta property=\"article:modified_time\" content=\"2025-04-28T20:43:56+00:00\" \/>\n<meta name=\"twitter:card\" content=\"summary_large_image\" \/>\n<meta name=\"twitter:label1\" content=\"Tempo di lettura stimato\" \/>\n\t<meta name=\"twitter:data1\" content=\"1 minuto\" \/>\n<script type=\"application\/ld+json\" class=\"yoast-schema-graph\">{\"@context\":\"https:\/\/schema.org\",\"@graph\":[{\"@type\":\"WebPage\",\"@id\":\"https:\/\/realestateyasser.com\/bureau-a-vendre\/\",\"url\":\"https:\/\/realestateyasser.com\/bureau-a-vendre\/\",\"name\":\"Bureau \u00e0 Vendre en Tunisie - Vente Bureau - Real Estate Yasser\",\"isPartOf\":{\"@id\":\"https:\/\/realestateyasser.com\/#website\"},\"datePublished\":\"2025-04-28T20:40:56+00:00\",\"dateModified\":\"2025-04-28T20:43:56+00:00\",\"description\":\"Explorez une vaste s\u00e9lection de bureaux \u00e0 vendre en Tunisie gr\u00e2ce \u00e0 Yasser Real Estate, votre expert en vente bureau en Tunisie. Chaque jour, de nouveaux biens immobiliers s\u2019ajoutent pour vous aider \u00e0 r\u00e9aliser vos projets professionnels avec succ\u00e8s\u202f!\",\"breadcrumb\":{\"@id\":\"https:\/\/realestateyasser.com\/bureau-a-vendre\/#breadcrumb\"},\"inLanguage\":\"it-IT\",\"potentialAction\":[{\"@type\":\"ReadAction\",\"target\":[\"https:\/\/realestateyasser.com\/bureau-a-vendre\/\"]}]},{\"@type\":\"BreadcrumbList\",\"@id\":\"https:\/\/realestateyasser.com\/bureau-a-vendre\/#breadcrumb\",\"itemListElement\":[{\"@type\":\"ListItem\",\"position\":1,\"name\":\"Home\",\"item\":\"https:\/\/realestateyasser.com\/\"},{\"@type\":\"ListItem\",\"position\":2,\"name\":\"Bureau \u00e0 vendre en Tunisie\"}]},{\"@type\":\"WebSite\",\"@id\":\"https:\/\/realestateyasser.com\/#website\",\"url\":\"https:\/\/realestateyasser.com\/\",\"name\":\"Real Estate Yasser\",\"description\":\"\",\"potentialAction\":[{\"@type\":\"SearchAction\",\"target\":{\"@type\":\"EntryPoint\",\"urlTemplate\":\"https:\/\/realestateyasser.com\/?s={search_term_string}\"},\"query-input\":{\"@type\":\"PropertyValueSpecification\",\"valueRequired\":true,\"valueName\":\"search_term_string\"}}],\"inLanguage\":\"it-IT\"}]}<\/script>\n<!-- \/ Yoast SEO plugin. -->","yoast_head_json":{"title":"Bureau \u00e0 Vendre en Tunisie - Vente Bureau - Real Estate Yasser","description":"Explorez une vaste s\u00e9lection de bureaux \u00e0 vendre en Tunisie gr\u00e2ce \u00e0 Yasser Real Estate, votre expert en vente bureau en Tunisie. Chaque jour, de nouveaux biens immobiliers s\u2019ajoutent pour vous aider \u00e0 r\u00e9aliser vos projets professionnels avec succ\u00e8s\u202f!","robots":{"index":"index","follow":"follow","max-snippet":"max-snippet:-1","max-image-preview":"max-image-preview:large","max-video-preview":"max-video-preview:-1"},"canonical":"https:\/\/realestateyasser.com\/it\/bureau-a-vendre\/","og_locale":"it_IT","og_type":"article","og_title":"Bureau \u00e0 Vendre en Tunisie - Vente Bureau - Real Estate Yasser","og_description":"Explorez une vaste s\u00e9lection de bureaux \u00e0 vendre en Tunisie gr\u00e2ce \u00e0 Yasser Real Estate, votre expert en vente bureau en Tunisie. Chaque jour, de nouveaux biens immobiliers s\u2019ajoutent pour vous aider \u00e0 r\u00e9aliser vos projets professionnels avec succ\u00e8s\u202f!","og_url":"https:\/\/realestateyasser.com\/it\/bureau-a-vendre\/","og_site_name":"Real Estate Yasser","article_modified_time":"2025-04-28T20:43:56+00:00","twitter_card":"summary_large_image","twitter_misc":{"Tempo di lettura stimato":"1 minuto"},"schema":{"@context":"https:\/\/schema.org","@graph":[{"@type":"WebPage","@id":"https:\/\/realestateyasser.com\/bureau-a-vendre\/","url":"https:\/\/realestateyasser.com\/bureau-a-vendre\/","name":"Bureau \u00e0 Vendre en Tunisie - Vente Bureau - Real Estate Yasser","isPartOf":{"@id":"https:\/\/realestateyasser.com\/#website"},"datePublished":"2025-04-28T20:40:56+00:00","dateModified":"2025-04-28T20:43:56+00:00","description":"Explorez une vaste s\u00e9lection de bureaux \u00e0 vendre en Tunisie gr\u00e2ce \u00e0 Yasser Real Estate, votre expert en vente bureau en Tunisie. Chaque jour, de nouveaux biens immobiliers s\u2019ajoutent pour vous aider \u00e0 r\u00e9aliser vos projets professionnels avec succ\u00e8s\u202f!","breadcrumb":{"@id":"https:\/\/realestateyasser.com\/bureau-a-vendre\/#breadcrumb"},"inLanguage":"it-IT","potentialAction":[{"@type":"ReadAction","target":["https:\/\/realestateyasser.com\/bureau-a-vendre\/"]}]},{"@type":"BreadcrumbList","@id":"https:\/\/realestateyasser.com\/bureau-a-vendre\/#breadcrumb","itemListElement":[{"@type":"ListItem","position":1,"name":"Home","item":"https:\/\/realestateyasser.com\/"},{"@type":"ListItem","position":2,"name":"Bureau \u00e0 vendre en Tunisie"}]},{"@type":"WebSite","@id":"https:\/\/realestateyasser.com\/#website","url":"https:\/\/realestateyasser.com\/","name":"Real Estate Yasser","description":"","potentialAction":[{"@type":"SearchAction","target":{"@type":"EntryPoint","urlTemplate":"https:\/\/realestateyasser.com\/?s={search_term_string}"},"query-input":{"@type":"PropertyValueSpecification","valueRequired":true,"valueName":"search_term_string"}}],"inLanguage":"it-IT"}]}},"_links":{"self":[{"href":"https:\/\/realestateyasser.com\/it\/wp-json\/wp\/v2\/pages\/20910","targetHints":{"allow":["GET"]}}],"collection":[{"href":"https:\/\/realestateyasser.com\/it\/wp-json\/wp\/v2\/pages"}],"about":[{"href":"https:\/\/realestateyasser.com\/it\/wp-json\/wp\/v2\/types\/page"}],"author":[{"embeddable":true,"href":"https:\/\/realestateyasser.com\/it\/wp-json\/wp\/v2\/users\/1"}],"replies":[{"embeddable":true,"href":"https:\/\/realestateyasser.com\/it\/wp-json\/wp\/v2\/comments?post=20910"}],"version-history":[{"count":2,"href":"https:\/\/realestateyasser.com\/it\/wp-json\/wp\/v2\/pages\/20910\/revisions"}],"predecessor-version":[{"id":20914,"href":"https:\/\/realestateyasser.com\/it\/wp-json\/wp\/v2\/pages\/20910\/revisions\/20914"}],"wp:attachment":[{"href":"https:\/\/realestateyasser.com\/it\/wp-json\/wp\/v2\/media?parent=20910"}],"curies":[{"name":"wp","href":"https:\/\/api.w.org\/{rel}","templated":true}]}}